{"id":2193,"date":"2023-06-06T11:55:48","date_gmt":"2023-06-06T10:55:48","guid":{"rendered":"https:\/\/ibig-muenchen.de\/kontakt\/"},"modified":"2026-03-28T08:46:27","modified_gmt":"2026-03-28T07:46:27","slug":"kontakt","status":"publish","type":"page","link":"https:\/\/ibig-muenchen.de\/pl\/kontakt\/","title":{"rendered":"Skontaktuj si\u0119 z nami"},"content":{"rendered":"\t\t<div data-elementor-type=\"wp-page\" data-elementor-id=\"2193\" class=\"elementor elementor-2193 elementor-23\" data-elementor-post-type=\"page\">\n\t\t\t\t<div class=\"elementor-element elementor-element-98162d9 e-flex e-con-boxed e-con e-parent\" data-id=\"98162d9\" data-element_type=\"container\" data-e-type=\"container\" data-settings=\"{&quot;background_background&quot;:&quot;classic&quot;}\">\n\t\t\t\t\t<div class=\"e-con-inner\">\n\t\t<div class=\"elementor-element elementor-element-a82fa04 e-con-full none e-flex e-con e-child\" data-id=\"a82fa04\" data-element_type=\"container\" data-e-type=\"container\" data-settings=\"{&quot;background_background&quot;:&quot;classic&quot;,&quot;position&quot;:&quot;absolute&quot;}\">\n\t\t\t\t<div class=\"elementor-element elementor-element-63d1f0a afterline elementor-widget elementor-widget-heading\" data-id=\"63d1f0a\" data-element_type=\"widget\" data-e-type=\"widget\" data-widget_type=\"heading.default\">\n\t\t\t\t<div class=\"elementor-widget-container\">\n\t\t\t\t\t<h2 class=\"elementor-heading-title elementor-size-default\">Skontaktuj si\u0119 z nami<\/h2>\t\t\t\t<\/div>\n\t\t\t\t<\/div>\n\t\t\t\t<\/div>\n\t\t\t\t\t<\/div>\n\t\t\t\t<\/div>\n\t\t<div class=\"elementor-element elementor-element-abb4d46 e-grid e-con-boxed e-con e-parent\" data-id=\"abb4d46\" data-element_type=\"container\" data-e-type=\"container\">\n\t\t\t\t\t<div class=\"e-con-inner\">\n\t\t<div class=\"elementor-element elementor-element-f638e79 e-flex e-con-boxed e-con e-child\" data-id=\"f638e79\" data-element_type=\"container\" data-e-type=\"container\">\n\t\t\t\t\t<div class=\"e-con-inner\">\n\t\t\t\t<div class=\"elementor-element elementor-element-8db26af elementor-widget__width-initial elementor-widget elementor-widget-heading\" data-id=\"8db26af\" data-element_type=\"widget\" data-e-type=\"widget\" data-widget_type=\"heading.default\">\n\t\t\t\t<div class=\"elementor-widget-container\">\n\t\t\t\t\t<h3 class=\"elementor-heading-title elementor-size-default\">Je\u015bli chcesz dowiedzie\u0107 si\u0119 wi\u0119cej, po prostu wy\u015blij nam e-mail lub wiadomo\u015b\u0107 za pomoc\u0105 poni\u017cszego formularza kontaktowego.<\/h3>\t\t\t\t<\/div>\n\t\t\t\t<\/div>\n\t\t\t\t\t<\/div>\n\t\t\t\t<\/div>\n\t\t<div class=\"elementor-element elementor-element-166c9db e-flex e-con-boxed e-con e-child\" data-id=\"166c9db\" data-element_type=\"container\" data-e-type=\"container\">\n\t\t\t\t\t<div class=\"e-con-inner\">\n\t\t\t\t<div class=\"elementor-element elementor-element-91d81e2 elementor-widget__width-initial elementor-button-align-stretch elementor-widget elementor-widget-form\" data-id=\"91d81e2\" data-element_type=\"widget\" data-e-type=\"widget\" data-settings=\"{&quot;step_next_label&quot;:&quot;Nast\\u0119pny&quot;,&quot;step_previous_label&quot;:&quot;Poprzedni&quot;,&quot;button_width&quot;:&quot;100&quot;,&quot;step_type&quot;:&quot;number_text&quot;,&quot;step_icon_shape&quot;:&quot;circle&quot;}\" data-widget_type=\"form.default\">\n\t\t\t\t<div class=\"elementor-widget-container\">\n\t\t\t\t\t\t\t<form class=\"elementor-form\" method=\"post\" name=\"Kontakt G\u0142\u00f3wny\" aria-label=\"Kontakt G\u0142\u00f3wny\">\n\t\t\t<input type=\"hidden\" name=\"post_id\" value=\"2193\"\/>\n\t\t\t<input type=\"hidden\" name=\"form_id\" value=\"91d81e2\"\/>\n\t\t\t<input type=\"hidden\" name=\"referer_title\" value=\"IBIG &#8211; Ingenieurb\u00fcro Ingo Geib GmbH\" \/>\n\n\t\t\t\n\t\t\t<div class=\"elementor-form-fields-wrapper elementor-labels-above\">\n\t\t\t\t\t\t\t\t<div class=\"elementor-field-type-text elementor-field-group elementor-column elementor-field-group-name elementor-col-100 elementor-field-required\">\n\t\t\t\t\t\t\t\t\t\t\t\t\t<input size=\"1\" type=\"text\" name=\"form_fields[name]\" id=\"form-field-name\" class=\"elementor-field elementor-size-sm  elementor-field-textual\" placeholder=\"Nazwa *\" required=\"required\">\n\t\t\t\t\t\t\t\t\t\t\t<\/div>\n\t\t\t\t\t\t\t\t<div class=\"elementor-field-type-email elementor-field-group elementor-column elementor-field-group-email elementor-col-100 elementor-field-required\">\n\t\t\t\t\t\t\t\t\t\t\t\t\t<input size=\"1\" type=\"email\" name=\"form_fields[email]\" id=\"form-field-email\" class=\"elementor-field elementor-size-sm  elementor-field-textual\" placeholder=\"E-mail *\" required=\"required\">\n\t\t\t\t\t\t\t\t\t\t\t<\/div>\n\t\t\t\t\t\t\t\t<div class=\"elementor-field-type-text elementor-field-group elementor-column elementor-field-group-field_1f9c26c elementor-col-100\">\n\t\t\t\t\t\t\t\t\t\t\t\t\t<input size=\"1\" type=\"text\" name=\"form_fields[field_1f9c26c]\" id=\"form-field-field_1f9c26c\" class=\"elementor-field elementor-size-sm  elementor-field-textual\" placeholder=\"Przedmiot\">\n\t\t\t\t\t\t\t\t\t\t\t<\/div>\n\t\t\t\t\t\t\t\t<div class=\"elementor-field-type-textarea elementor-field-group elementor-column elementor-field-group-message elementor-col-100 elementor-field-required\">\n\t\t\t\t\t<textarea class=\"elementor-field-textual elementor-field  elementor-size-sm\" name=\"form_fields[message]\" id=\"form-field-message\" rows=\"4\" placeholder=\"Wiadomo\u015b\u0107 *\" required=\"required\"><\/textarea>\t\t\t\t<\/div>\n\t\t\t\t\t\t\t\t<div class=\"elementor-field-type-upload elementor-field-group elementor-column elementor-field-group-field_925ee1d elementor-col-100\">\n\t\t\t\t\t\t\t\t\t\t\t\t<label for=\"form-field-field_925ee1d\" class=\"elementor-field-label\">\n\t\t\t\t\t\t\t\tPrze\u015blij pliki <span style=\"font-size:66.7%\"><br>(Dozwolone formaty plik\u00f3w: PDF, JPG, DOC, DOCX, maks. 10 MB)\t\t\t\t\t\t\t<\/label>\n\t\t\t\t\t\t\t\t<input type=\"file\" name=\"form_fields[field_925ee1d][]\" id=\"form-field-field_925ee1d\" class=\"elementor-field elementor-size-sm  elementor-upload-field\" multiple=\"multiple\" data-maxsize=\"10\" data-maxsize-message=\"Rozmiar pliku przekracza dozwolony rozmiar.\">\n\n\t\t\t\t\t\t<\/div>\n\t\t\t\t\t\t\t\t<div class=\"elementor-field-type-acceptance elementor-field-group elementor-column elementor-field-group-field_358bdd8 elementor-col-100 elementor-field-required\">\n\t\t\t\t\t\t\t<div class=\"elementor-field-subgroup\">\n\t\t\t<span class=\"elementor-field-option\">\n\t\t\t\t<input type=\"checkbox\" name=\"form_fields[field_358bdd8]\" id=\"form-field-field_358bdd8\" class=\"elementor-field elementor-size-sm  elementor-acceptance-field\" required=\"required\">\n\t\t\t\t<label for=\"form-field-field_358bdd8\">Przeczyta\u0142em i zrozumia\u0142em <a href=\"https:\/\/ibig-muenchen.de\/pl\/ochrona-danych\/\" target=\"_blank\"> polityk\u0119<\/a> prywatno\u015bci. Wyra\u017cam zgod\u0119 na przechowywanie moich danych w formie elektronicznej w celu udzielenia odpowiedzi na moje zapytanie.   <\/label>\t\t\t<\/span>\n\t\t<\/div>\n\t\t\t\t\t\t<\/div>\n\t\t\t\t\t\t\t\t<div class=\"elementor-field-type-text\">\n\t\t\t\t\t<input size=\"1\" type=\"text\" name=\"form_fields[field_e3d902c]\" id=\"form-field-field_e3d902c\" class=\"elementor-field elementor-size-sm \" style=\"display:none !important;\">\t\t\t\t<\/div>\n\t\t\t\t\t\t\t\t<div class=\"elementor-field-type-text\">\n\t\t\t\t\t<input size=\"1\" type=\"text\" name=\"form_fields[field_c337800]\" id=\"form-field-field_c337800\" class=\"elementor-field elementor-size-sm \" style=\"display:none !important;\">\t\t\t\t<\/div>\n\t\t\t\t\t\t\t\t<div class=\"elementor-field-type-recaptcha_v3 elementor-field-group elementor-column elementor-field-group-field_810ab14 elementor-col-100 recaptcha_v3-bottomright\">\n\t\t\t\t\t<div class=\"elementor-field\" id=\"form-field-field_810ab14\"><div class=\"elementor-g-recaptcha\" data-sitekey=\"6LevmxgpAAAAAFr5Vz3m8NNVQvEEwB5M7CzYbehU\" data-type=\"v3\" data-action=\"Form\" data-badge=\"bottomright\" data-size=\"invisible\"><\/div><\/div>\t\t\t\t<\/div>\n\t\t\t\t\t\t\t\t<div class=\"elementor-field-group elementor-column elementor-field-type-submit elementor-col-100 e-form__buttons\">\n\t\t\t\t\t<button class=\"elementor-button elementor-size-sm\" type=\"submit\">\n\t\t\t\t\t\t<span class=\"elementor-button-content-wrapper\">\n\t\t\t\t\t\t\t\t\t\t\t\t\t\t\t\t\t\t\t\t\t\t<span class=\"elementor-button-text\">Wy\u015blij<\/span>\n\t\t\t\t\t\t\t\t\t\t\t\t\t<\/span>\n\t\t\t\t\t<\/button>\n\t\t\t\t<\/div>\n\t\t\t<\/div>\n\t\t<\/form>\n\t\t\t\t\t\t<\/div>\n\t\t\t\t<\/div>\n\t\t\t\t\t<\/div>\n\t\t\t\t<\/div>\n\t\t<div class=\"elementor-element elementor-element-53f1e38 e-flex e-con-boxed e-con e-child\" data-id=\"53f1e38\" data-element_type=\"container\" data-e-type=\"container\">\n\t\t\t\t\t<div class=\"e-con-inner\">\n\t\t\t\t<div class=\"elementor-element elementor-element-19a3099 elementor-widget elementor-widget-text-editor\" data-id=\"19a3099\" data-element_type=\"widget\" data-e-type=\"widget\" data-widget_type=\"text-editor.default\">\n\t\t\t\t<div class=\"elementor-widget-container\">\n\t\t\t\t\t\t\t\t\t<h2>IBIG<\/h2><p>Biuro in\u017cynieryjne Ingo Geib GmbH<\/p>\t\t\t\t\t\t\t\t<\/div>\n\t\t\t\t<\/div>\n\t\t\t\t<div class=\"elementor-element elementor-element-d85f1f4 underline elementor-widget elementor-widget-icon-box\" data-id=\"d85f1f4\" data-element_type=\"widget\" data-e-type=\"widget\" data-widget_type=\"icon-box.default\">\n\t\t\t\t<div class=\"elementor-widget-container\">\n\t\t\t\t\t\t\t<div class=\"elementor-icon-box-wrapper\">\n\n\t\t\t\n\t\t\t\t\t\t<div class=\"elementor-icon-box-content\">\n\n\t\t\t\t\n\t\t\t\t\t\t\t\t\t<p class=\"elementor-icon-box-description\">\n\t\t\t\t\t\tAurbacherstra\u00dfe 2<br>81541 Monachium<br><br><a href=\"mailto:planung@ibgeib.de\">planung@ibgeib.de<\/a><br><a href=\"tel:+498972989230\">+49 89 729 89 23 0<\/a>\t\t\t\t\t<\/p>\n\t\t\t\t\n\t\t\t<\/div>\n\t\t\t\n\t\t<\/div>\n\t\t\t\t\t\t<\/div>\n\t\t\t\t<\/div>\n\t\t\t\t\t<\/div>\n\t\t\t\t<\/div>\n\t\t\t\t<div class=\"elementor-element elementor-element-3a1cf1b elementor-widget elementor-widget-google_maps\" data-id=\"3a1cf1b\" data-element_type=\"widget\" data-e-type=\"widget\" data-widget_type=\"google_maps.default\">\n\t\t\t\t<div class=\"elementor-widget-container\">\n\t\t\t\t\t\t\t<div class=\"elementor-custom-embed\">\n\t\t\t<iframe loading=\"lazy\"\n\t\t\t\t\tsrc=\"https:\/\/maps.google.com\/maps?q=Ingenieurb%C3%BCro%20Ingo%20Geib%20GmbH&#038;t=m&#038;z=13&#038;output=embed&#038;iwloc=near\"\n\t\t\t\t\ttitle=\"Ingenieurb\u00fcro Ingo Geib GmbH\"\n\t\t\t\t\taria-label=\"Ingenieurb\u00fcro Ingo Geib GmbH\"\n\t\t\t><\/iframe>\n\t\t<\/div>\n\t\t\t\t\t\t<\/div>\n\t\t\t\t<\/div>\n\t\t\t\t\t<\/div>\n\t\t\t\t<\/div>\n\t\t\t\t<\/div>\n\t\t","protected":false},"excerpt":{"rendered":"<p>Je\u015bli chcesz dowiedzie\u0107 si\u0119 wi\u0119cej, po prostu wy\u015blij nam e-mail lub wiadomo\u015b\u0107 za pomoc\u0105 poni\u017cszego formularza kontaktowego. IBIG Biuro in\u017cynieryjne Ingo Geib GmbH Aurbacherstra\u00dfe 281541 Monachium planung@ibgeib.de+49 89 729 89 23 0<\/p>\n","protected":false},"author":1,"featured_media":0,"parent":0,"menu_order":0,"comment_status":"closed","ping_status":"closed","template":"","meta":{"_acf_changed":false,"footnotes":""},"class_list":["post-2193","page","type-page","status-publish","hentry"],"acf":[],"yoast_head":"<!-- This site is optimized with the Yoast SEO plugin v27.3 - https:\/\/yoast.com\/product\/yoast-seo-wordpress\/ -->\n<title>Skontaktuj si\u0119 z nami - IBIG - Ingenieurb\u00fcro Ingo Geib GmbH<\/title>\n<meta name=\"robots\" content=\"index, follow, max-snippet:-1, max-image-preview:large, max-video-preview:-1\" \/>\n<link rel=\"canonical\" href=\"https:\/\/ibig-muenchen.de\/pl\/kontakt\/\" \/>\n<meta property=\"og:locale\" content=\"pl_PL\" \/>\n<meta property=\"og:type\" content=\"article\" \/>\n<meta property=\"og:title\" content=\"Skontaktuj si\u0119 z nami - IBIG - Ingenieurb\u00fcro Ingo Geib GmbH\" \/>\n<meta property=\"og:description\" content=\"Je\u015bli chcesz dowiedzie\u0107 si\u0119 wi\u0119cej, po prostu wy\u015blij nam e-mail lub wiadomo\u015b\u0107 za pomoc\u0105 poni\u017cszego formularza kontaktowego. IBIG Biuro in\u017cynieryjne Ingo Geib GmbH Aurbacherstra\u00dfe 281541 Monachium planung@ibgeib.de+49 89 729 89 23 0\" \/>\n<meta property=\"og:url\" content=\"https:\/\/ibig-muenchen.de\/pl\/kontakt\/\" \/>\n<meta property=\"og:site_name\" content=\"IBIG - Ingenieurb\u00fcro Ingo Geib GmbH\" \/>\n<meta property=\"article:publisher\" content=\"https:\/\/www.facebook.com\/ingenieurburoingo.geib.3\/\" \/>\n<meta property=\"article:modified_time\" content=\"2026-03-28T07:46:27+00:00\" \/>\n<meta name=\"twitter:card\" content=\"summary_large_image\" \/>\n<script type=\"application\/ld+json\" class=\"yoast-schema-graph\">{\"@context\":\"https:\\\/\\\/schema.org\",\"@graph\":[{\"@type\":\"WebPage\",\"@id\":\"https:\\\/\\\/ibig-muenchen.de\\\/pl\\\/kontakt\\\/\",\"url\":\"https:\\\/\\\/ibig-muenchen.de\\\/pl\\\/kontakt\\\/\",\"name\":\"Skontaktuj si\u0119 z nami - IBIG - Ingenieurb\u00fcro Ingo Geib GmbH\",\"isPartOf\":{\"@id\":\"https:\\\/\\\/ibig-muenchen.de\\\/pl\\\/#website\"},\"datePublished\":\"2023-06-06T10:55:48+00:00\",\"dateModified\":\"2026-03-28T07:46:27+00:00\",\"breadcrumb\":{\"@id\":\"https:\\\/\\\/ibig-muenchen.de\\\/pl\\\/kontakt\\\/#breadcrumb\"},\"inLanguage\":\"pl-PL\",\"potentialAction\":[{\"@type\":\"ReadAction\",\"target\":[\"https:\\\/\\\/ibig-muenchen.de\\\/pl\\\/kontakt\\\/\"]}]},{\"@type\":\"BreadcrumbList\",\"@id\":\"https:\\\/\\\/ibig-muenchen.de\\\/pl\\\/kontakt\\\/#breadcrumb\",\"itemListElement\":[{\"@type\":\"ListItem\",\"position\":1,\"name\":\"Startseite\",\"item\":\"https:\\\/\\\/ibig-muenchen.de\\\/pl\\\/\"},{\"@type\":\"ListItem\",\"position\":2,\"name\":\"Skontaktuj si\u0119 z nami\"}]},{\"@type\":\"WebSite\",\"@id\":\"https:\\\/\\\/ibig-muenchen.de\\\/pl\\\/#website\",\"url\":\"https:\\\/\\\/ibig-muenchen.de\\\/pl\\\/\",\"name\":\"IBIG - Ingenieurb\u00fcro Ingo Geib GmbH\",\"description\":\"Eine andere WordPress-Site.\",\"publisher\":{\"@id\":\"https:\\\/\\\/ibig-muenchen.de\\\/pl\\\/#organization\"},\"potentialAction\":[{\"@type\":\"SearchAction\",\"target\":{\"@type\":\"EntryPoint\",\"urlTemplate\":\"https:\\\/\\\/ibig-muenchen.de\\\/pl\\\/?s={search_term_string}\"},\"query-input\":{\"@type\":\"PropertyValueSpecification\",\"valueRequired\":true,\"valueName\":\"search_term_string\"}}],\"inLanguage\":\"pl-PL\"},{\"@type\":\"Organization\",\"@id\":\"https:\\\/\\\/ibig-muenchen.de\\\/pl\\\/#organization\",\"name\":\"IBIG - Ingenieurb\u00fcro Ingo Geib GmbH\",\"url\":\"https:\\\/\\\/ibig-muenchen.de\\\/pl\\\/\",\"logo\":{\"@type\":\"ImageObject\",\"inLanguage\":\"pl-PL\",\"@id\":\"https:\\\/\\\/ibig-muenchen.de\\\/pl\\\/#\\\/schema\\\/logo\\\/image\\\/\",\"url\":\"https:\\\/\\\/ibig-muenchen.de\\\/wp-content\\\/uploads\\\/2023\\\/06\\\/Logo_IBIG_simplified.svg\",\"contentUrl\":\"https:\\\/\\\/ibig-muenchen.de\\\/wp-content\\\/uploads\\\/2023\\\/06\\\/Logo_IBIG_simplified.svg\",\"width\":89,\"height\":40,\"caption\":\"IBIG - Ingenieurb\u00fcro Ingo Geib GmbH\"},\"image\":{\"@id\":\"https:\\\/\\\/ibig-muenchen.de\\\/pl\\\/#\\\/schema\\\/logo\\\/image\\\/\"},\"sameAs\":[\"https:\\\/\\\/www.facebook.com\\\/ingenieurburoingo.geib.3\\\/\",\"https:\\\/\\\/www.xing.com\\\/pages\\\/ingenieurbuero-ingo-geib\",\"https:\\\/\\\/www.linkedin.com\\\/in\\\/ingenieurbro-ingo-geib-gmbh-00244b208\\\/\",\"https:\\\/\\\/www.kununu.com\\\/de\\\/ingenieurbuero-ingo-geib\"]}]}<\/script>\n<!-- \/ Yoast SEO plugin. -->","yoast_head_json":{"title":"Skontaktuj si\u0119 z nami - IBIG - Ingenieurb\u00fcro Ingo Geib GmbH","robots":{"index":"index","follow":"follow","max-snippet":"max-snippet:-1","max-image-preview":"max-image-preview:large","max-video-preview":"max-video-preview:-1"},"canonical":"https:\/\/ibig-muenchen.de\/pl\/kontakt\/","og_locale":"pl_PL","og_type":"article","og_title":"Skontaktuj si\u0119 z nami - IBIG - Ingenieurb\u00fcro Ingo Geib GmbH","og_description":"Je\u015bli chcesz dowiedzie\u0107 si\u0119 wi\u0119cej, po prostu wy\u015blij nam e-mail lub wiadomo\u015b\u0107 za pomoc\u0105 poni\u017cszego formularza kontaktowego. IBIG Biuro in\u017cynieryjne Ingo Geib GmbH Aurbacherstra\u00dfe 281541 Monachium planung@ibgeib.de+49 89 729 89 23 0","og_url":"https:\/\/ibig-muenchen.de\/pl\/kontakt\/","og_site_name":"IBIG - Ingenieurb\u00fcro Ingo Geib GmbH","article_publisher":"https:\/\/www.facebook.com\/ingenieurburoingo.geib.3\/","article_modified_time":"2026-03-28T07:46:27+00:00","twitter_card":"summary_large_image","schema":{"@context":"https:\/\/schema.org","@graph":[{"@type":"WebPage","@id":"https:\/\/ibig-muenchen.de\/pl\/kontakt\/","url":"https:\/\/ibig-muenchen.de\/pl\/kontakt\/","name":"Skontaktuj si\u0119 z nami - IBIG - Ingenieurb\u00fcro Ingo Geib GmbH","isPartOf":{"@id":"https:\/\/ibig-muenchen.de\/pl\/#website"},"datePublished":"2023-06-06T10:55:48+00:00","dateModified":"2026-03-28T07:46:27+00:00","breadcrumb":{"@id":"https:\/\/ibig-muenchen.de\/pl\/kontakt\/#breadcrumb"},"inLanguage":"pl-PL","potentialAction":[{"@type":"ReadAction","target":["https:\/\/ibig-muenchen.de\/pl\/kontakt\/"]}]},{"@type":"BreadcrumbList","@id":"https:\/\/ibig-muenchen.de\/pl\/kontakt\/#breadcrumb","itemListElement":[{"@type":"ListItem","position":1,"name":"Startseite","item":"https:\/\/ibig-muenchen.de\/pl\/"},{"@type":"ListItem","position":2,"name":"Skontaktuj si\u0119 z nami"}]},{"@type":"WebSite","@id":"https:\/\/ibig-muenchen.de\/pl\/#website","url":"https:\/\/ibig-muenchen.de\/pl\/","name":"IBIG - Ingenieurb\u00fcro Ingo Geib GmbH","description":"Eine andere WordPress-Site.","publisher":{"@id":"https:\/\/ibig-muenchen.de\/pl\/#organization"},"potentialAction":[{"@type":"SearchAction","target":{"@type":"EntryPoint","urlTemplate":"https:\/\/ibig-muenchen.de\/pl\/?s={search_term_string}"},"query-input":{"@type":"PropertyValueSpecification","valueRequired":true,"valueName":"search_term_string"}}],"inLanguage":"pl-PL"},{"@type":"Organization","@id":"https:\/\/ibig-muenchen.de\/pl\/#organization","name":"IBIG - Ingenieurb\u00fcro Ingo Geib GmbH","url":"https:\/\/ibig-muenchen.de\/pl\/","logo":{"@type":"ImageObject","inLanguage":"pl-PL","@id":"https:\/\/ibig-muenchen.de\/pl\/#\/schema\/logo\/image\/","url":"https:\/\/ibig-muenchen.de\/wp-content\/uploads\/2023\/06\/Logo_IBIG_simplified.svg","contentUrl":"https:\/\/ibig-muenchen.de\/wp-content\/uploads\/2023\/06\/Logo_IBIG_simplified.svg","width":89,"height":40,"caption":"IBIG - Ingenieurb\u00fcro Ingo Geib GmbH"},"image":{"@id":"https:\/\/ibig-muenchen.de\/pl\/#\/schema\/logo\/image\/"},"sameAs":["https:\/\/www.facebook.com\/ingenieurburoingo.geib.3\/","https:\/\/www.xing.com\/pages\/ingenieurbuero-ingo-geib","https:\/\/www.linkedin.com\/in\/ingenieurbro-ingo-geib-gmbh-00244b208\/","https:\/\/www.kununu.com\/de\/ingenieurbuero-ingo-geib"]}]}},"_links":{"self":[{"href":"https:\/\/ibig-muenchen.de\/pl\/wp-json\/wp\/v2\/pages\/2193","targetHints":{"allow":["GET"]}}],"collection":[{"href":"https:\/\/ibig-muenchen.de\/pl\/wp-json\/wp\/v2\/pages"}],"about":[{"href":"https:\/\/ibig-muenchen.de\/pl\/wp-json\/wp\/v2\/types\/page"}],"author":[{"embeddable":true,"href":"https:\/\/ibig-muenchen.de\/pl\/wp-json\/wp\/v2\/users\/1"}],"replies":[{"embeddable":true,"href":"https:\/\/ibig-muenchen.de\/pl\/wp-json\/wp\/v2\/comments?post=2193"}],"version-history":[{"count":2,"href":"https:\/\/ibig-muenchen.de\/pl\/wp-json\/wp\/v2\/pages\/2193\/revisions"}],"predecessor-version":[{"id":5058,"href":"https:\/\/ibig-muenchen.de\/pl\/wp-json\/wp\/v2\/pages\/2193\/revisions\/5058"}],"wp:attachment":[{"href":"https:\/\/ibig-muenchen.de\/pl\/wp-json\/wp\/v2\/media?parent=2193"}],"curies":[{"name":"wp","href":"https:\/\/api.w.org\/{rel}","templated":true}]}}