{"id":2195,"date":"2023-06-06T11:56:00","date_gmt":"2023-06-06T10:56:00","guid":{"rendered":"https:\/\/ibig-muenchen.de\/nadruk\/"},"modified":"2025-01-02T13:21:45","modified_gmt":"2025-01-02T12:21:45","slug":"nadruk","status":"publish","type":"page","link":"https:\/\/ibig-muenchen.de\/pl\/nadruk\/","title":{"rendered":"Nadruk"},"content":{"rendered":"\t\t<div data-elementor-type=\"wp-page\" data-elementor-id=\"2195\" class=\"elementor elementor-2195 elementor-25\" data-elementor-post-type=\"page\">\n\t\t\t\t<div class=\"elementor-element elementor-element-209387a e-flex e-con-boxed e-con e-parent\" data-id=\"209387a\" data-element_type=\"container\" data-e-type=\"container\">\n\t\t\t\t\t<div class=\"e-con-inner\">\n\t\t<div class=\"elementor-element elementor-element-b85e129 e-con-full e-flex e-con e-child\" data-id=\"b85e129\" data-element_type=\"container\" data-e-type=\"container\">\n\t\t\t\t<div class=\"elementor-element elementor-element-7140c13 elementor-widget elementor-widget-heading\" data-id=\"7140c13\" data-element_type=\"widget\" data-e-type=\"widget\" data-widget_type=\"heading.default\">\n\t\t\t\t<div class=\"elementor-widget-container\">\n\t\t\t\t\t<h1 class=\"elementor-heading-title elementor-size-default\">Nadruk<\/h1>\t\t\t\t<\/div>\n\t\t\t\t<\/div>\n\t\t\t\t<div class=\"elementor-element elementor-element-3c25b7d elementor-widget elementor-widget-heading\" data-id=\"3c25b7d\" data-element_type=\"widget\" data-e-type=\"widget\" data-widget_type=\"heading.default\">\n\t\t\t\t<div class=\"elementor-widget-container\">\n\t\t\t\t\t<h3 class=\"elementor-heading-title elementor-size-default\">Informacje o nadruku zgodnie z \u00a7 5 TMG:  <\/h3>\t\t\t\t<\/div>\n\t\t\t\t<\/div>\n\t\t\t\t<div class=\"elementor-element elementor-element-c1a580b elementor-widget elementor-widget-text-editor\" data-id=\"c1a580b\" data-element_type=\"widget\" data-e-type=\"widget\" data-widget_type=\"text-editor.default\">\n\t\t\t\t<div class=\"elementor-widget-container\">\n\t\t\t\t\t\t\t\t\t<p>Ingenieurb\u00fcro Ingo Geib GmbH Aurbacherstra\u00dfe 2 81541 Monachium<\/p>\n<p>Telefon: +49 89 729 89 23-0 Faks: +49 89 729 89 23-14<\/p>\n<p>E-mail: planung(at)ibgeib.de Internet: www.ibgeib.de<\/p>\n<p>Dyrektorzy zarz\u0105dzaj\u0105cy upowa\u017cnieni do reprezentowania firmy: Dipl.-Ing. (FH) Ingo Geib, M.Sc. Robert Stais<\/p>\n<p>S\u0105d rejestrowy: S\u0105d lokalny w Monachium Numer rejestru: HRB 160709 Numer VAT: DE246453850<\/p>\n\t\t\t\t\t\t\t\t<\/div>\n\t\t\t\t<\/div>\n\t\t\t\t<\/div>\n\t\t<div class=\"elementor-element elementor-element-ce85daf e-con-full e-flex e-con e-child\" data-id=\"ce85daf\" data-element_type=\"container\" data-e-type=\"container\">\n\t\t\t\t<div class=\"elementor-element elementor-element-57c685b elementor-widget elementor-widget-heading\" data-id=\"57c685b\" data-element_type=\"widget\" data-e-type=\"widget\" data-widget_type=\"heading.default\">\n\t\t\t\t<div class=\"elementor-widget-container\">\n\t\t\t\t\t<h2 class=\"elementor-heading-title elementor-size-default\">Zastrze\u017cenie<\/h2>\t\t\t\t<\/div>\n\t\t\t\t<\/div>\n\t\t\t\t<div class=\"elementor-element elementor-element-8e654e2 elementor-widget elementor-widget-heading\" data-id=\"8e654e2\" data-element_type=\"widget\" data-e-type=\"widget\" data-widget_type=\"heading.default\">\n\t\t\t\t<div class=\"elementor-widget-container\">\n\t\t\t\t\t<h3 class=\"elementor-heading-title elementor-size-default\">Odpowiedzialno\u015b\u0107 za tre\u015b\u0107<\/h3>\t\t\t\t<\/div>\n\t\t\t\t<\/div>\n\t\t\t\t<div class=\"elementor-element elementor-element-364f8fd elementor-widget elementor-widget-text-editor\" data-id=\"364f8fd\" data-element_type=\"widget\" data-e-type=\"widget\" data-widget_type=\"text-editor.default\">\n\t\t\t\t<div class=\"elementor-widget-container\">\n\t\t\t\t\t\t\t\t\t<p>Zawarto\u015b\u0107 naszych stron zosta\u0142a stworzona z najwi\u0119ksz\u0105 staranno\u015bci\u0105. Nie ponosimy jednak \u017cadnej odpowiedzialno\u015bci za poprawno\u015b\u0107, kompletno\u015b\u0107 i aktualno\u015b\u0107 tre\u015bci. Jako dostawca us\u0142ug jeste\u015bmy zobowi\u0105zani zgodnie z \u00a7 7 Abs.1 TMG ponosi odpowiedzialno\u015b\u0107 za w\u0142asne tre\u015bci na tych stronach zgodnie z og\u00f3lnymi przepisami prawa. Zgodnie z \u00a7\u00a7 8 do 10 TMG, jako us\u0142ugodawca nie jeste\u015bmy jednak zobowi\u0105zani do monitorowania przekazywanych lub przechowywanych informacji os\u00f3b trzecich ani do badania okoliczno\u015bci wskazuj\u0105cych na nielegaln\u0105 dzia\u0142alno\u015b\u0107. Nie ma to wp\u0142ywu na zobowi\u0105zania do usuni\u0119cia lub zablokowania korzystania z informacji zgodnie z og\u00f3lnymi przepisami prawa. Odpowiedzialno\u015b\u0107 w tym zakresie jest jednak mo\u017cliwa dopiero od momentu uzyskania wiedzy o konkretnym naruszeniu. Gdy tylko dowiemy si\u0119 o takich naruszeniach, natychmiast usuniemy te tre\u015bci.<\/p>\n\t\t\t\t\t\t\t\t<\/div>\n\t\t\t\t<\/div>\n\t\t\t\t<div class=\"elementor-element elementor-element-883b3b2 elementor-widget elementor-widget-heading\" data-id=\"883b3b2\" data-element_type=\"widget\" data-e-type=\"widget\" data-widget_type=\"heading.default\">\n\t\t\t\t<div class=\"elementor-widget-container\">\n\t\t\t\t\t<h3 class=\"elementor-heading-title elementor-size-default\">Odpowiedzialno\u015b\u0107 za linki<\/h3>\t\t\t\t<\/div>\n\t\t\t\t<\/div>\n\t\t\t\t<div class=\"elementor-element elementor-element-3721374 elementor-widget elementor-widget-text-editor\" data-id=\"3721374\" data-element_type=\"widget\" data-e-type=\"widget\" data-widget_type=\"text-editor.default\">\n\t\t\t\t<div class=\"elementor-widget-container\">\n\t\t\t\t\t\t\t\t\t<p>Nasza strona internetowa zawiera linki do zewn\u0119trznych stron internetowych os\u00f3b trzecich, na kt\u00f3rych tre\u015b\u0107 nie mamy wp\u0142ywu. W zwi\u0105zku z tym nie ponosimy \u017cadnej odpowiedzialno\u015bci za tre\u015bci pochodz\u0105ce od os\u00f3b trzecich. Odpowiedni dostawca lub operator stron jest zawsze odpowiedzialny za tre\u015b\u0107 stron, do kt\u00f3rych prowadz\u0105 linki. Po\u0142\u0105czone strony zosta\u0142y sprawdzone pod k\u0105tem mo\u017cliwych narusze\u0144 prawa w momencie ich \u0142\u0105czenia. Nielegalna zawarto\u015b\u0107 nie by\u0142a rozpoznawalna w momencie linkowania. Sta\u0142e monitorowanie tre\u015bci stron, do kt\u00f3rych prowadz\u0105 linki, nie jest jednak uzasadnione bez konkretnych dowod\u00f3w naruszenia. Je\u015bli dowiemy si\u0119 o jakichkolwiek naruszeniach prawa, natychmiast usuniemy takie linki.<\/p>\n\t\t\t\t\t\t\t\t<\/div>\n\t\t\t\t<\/div>\n\t\t\t\t<div class=\"elementor-element elementor-element-c3afa15 elementor-widget elementor-widget-heading\" data-id=\"c3afa15\" data-element_type=\"widget\" data-e-type=\"widget\" data-widget_type=\"heading.default\">\n\t\t\t\t<div class=\"elementor-widget-container\">\n\t\t\t\t\t<h3 class=\"elementor-heading-title elementor-size-default\">Prawa autorskie<\/h3>\t\t\t\t<\/div>\n\t\t\t\t<\/div>\n\t\t\t\t<div class=\"elementor-element elementor-element-c167867 elementor-widget elementor-widget-text-editor\" data-id=\"c167867\" data-element_type=\"widget\" data-e-type=\"widget\" data-widget_type=\"text-editor.default\">\n\t\t\t\t<div class=\"elementor-widget-container\">\n\t\t\t\t\t\t\t\t\t<p>Tre\u015bci i dzie\u0142a stworzone przez operator\u00f3w witryn na tych stronach podlegaj\u0105 niemieckiemu prawu autorskiemu. Powielanie, edytowanie, rozpowszechnianie i wszelkiego rodzaju wykorzystywanie poza granicami prawa autorskiego wymaga pisemnej zgody odpowiedniego autora lub tw\u00f3rcy. Pobieranie i kopiowanie niniejszej witryny jest dozwolone wy\u0142\u0105cznie do prywatnego, niekomercyjnego u\u017cytku. O ile tre\u015bci na tej stronie nie zosta\u0142y stworzone przez operatora, prawa autorskie os\u00f3b trzecich s\u0105 przestrzegane. W szczeg\u00f3lno\u015bci tre\u015bci os\u00f3b trzecich s\u0105 oznaczone jako takie. Je\u015bli mimo to dowiesz si\u0119 o naruszeniu praw autorskich, poinformuj nas o tym. Je\u015bli dowiemy si\u0119 o jakichkolwiek naruszeniach prawa, niezw\u0142ocznie usuniemy takie tre\u015bci.<\/p>\n\t\t\t\t\t\t\t\t<\/div>\n\t\t\t\t<\/div>\n\t\t\t\t<\/div>\n\t\t<div class=\"elementor-element elementor-element-440b124 e-con-full e-flex e-con e-child\" data-id=\"440b124\" data-element_type=\"container\" data-e-type=\"container\">\n\t\t\t\t<div class=\"elementor-element elementor-element-ab446e0 elementor-widget elementor-widget-text-editor\" data-id=\"ab446e0\" data-element_type=\"widget\" data-e-type=\"widget\" data-widget_type=\"text-editor.default\">\n\t\t\t\t<div class=\"elementor-widget-container\">\n\t\t\t\t\t\t\t\t\t<p>Projektowanie i rozw\u00f3j:<\/p>\n<p><a href=\"https:\/\/rohundblutig.com\" target=\"_blank\" rel=\"noopener\">surowy+krwawy<\/a><\/p>\n\t\t\t\t\t\t\t\t<\/div>\n\t\t\t\t<\/div>\n\t\t\t\t<\/div>\n\t\t\t\t\t<\/div>\n\t\t\t\t<\/div>\n\t\t\t\t<\/div>\n\t\t","protected":false},"excerpt":{"rendered":"<p>Informacje o nadruku zgodnie z \u00a7 5 TMG: Ingenieurb\u00fcro Ingo Geib GmbH Aurbacherstra\u00dfe 2 81541 Monachium Telefon: +49 89 729 89 23-0 Faks: +49 89 729 89 23-14 E-mail: planung(at)ibgeib.de Internet: www.ibgeib.de Dyrektorzy zarz\u0105dzaj\u0105cy upowa\u017cnieni do reprezentowania firmy: Dipl.-Ing. (FH) Ingo Geib, M.Sc. Robert Stais S\u0105d rejestrowy: S\u0105d lokalny w Monachium Numer rejestru: HRB 160709 [&hellip;]<\/p>\n","protected":false},"author":1,"featured_media":0,"parent":0,"menu_order":0,"comment_status":"closed","ping_status":"closed","template":"","meta":{"_acf_changed":false,"footnotes":""},"class_list":["post-2195","page","type-page","status-publish","hentry"],"acf":[],"yoast_head":"<!-- This site is optimized with the Yoast SEO plugin v27.3 - https:\/\/yoast.com\/product\/yoast-seo-wordpress\/ -->\n<title>Nadruk - IBIG - Ingenieurb\u00fcro Ingo Geib GmbH<\/title>\n<meta name=\"robots\" content=\"index, follow, max-snippet:-1, max-image-preview:large, max-video-preview:-1\" \/>\n<link rel=\"canonical\" href=\"https:\/\/ibig-muenchen.de\/pl\/nadruk\/\" \/>\n<meta property=\"og:locale\" content=\"pl_PL\" \/>\n<meta property=\"og:type\" content=\"article\" \/>\n<meta property=\"og:title\" content=\"Nadruk - IBIG - Ingenieurb\u00fcro Ingo Geib GmbH\" \/>\n<meta property=\"og:description\" content=\"Informacje o nadruku zgodnie z \u00a7 5 TMG: Ingenieurb\u00fcro Ingo Geib GmbH Aurbacherstra\u00dfe 2 81541 Monachium Telefon: +49 89 729 89 23-0 Faks: +49 89 729 89 23-14 E-mail: planung(at)ibgeib.de Internet: www.ibgeib.de Dyrektorzy zarz\u0105dzaj\u0105cy upowa\u017cnieni do reprezentowania firmy: Dipl.-Ing. (FH) Ingo Geib, M.Sc. Robert Stais S\u0105d rejestrowy: S\u0105d lokalny w Monachium Numer rejestru: HRB 160709 [&hellip;]\" \/>\n<meta property=\"og:url\" content=\"https:\/\/ibig-muenchen.de\/pl\/nadruk\/\" \/>\n<meta property=\"og:site_name\" content=\"IBIG - Ingenieurb\u00fcro Ingo Geib GmbH\" \/>\n<meta property=\"article:publisher\" content=\"https:\/\/www.facebook.com\/ingenieurburoingo.geib.3\/\" \/>\n<meta property=\"article:modified_time\" content=\"2025-01-02T12:21:45+00:00\" \/>\n<meta name=\"twitter:card\" content=\"summary_large_image\" \/>\n<meta name=\"twitter:label1\" content=\"Szacowany czas czytania\" \/>\n\t<meta name=\"twitter:data1\" content=\"2 minuty\" \/>\n<script type=\"application\/ld+json\" class=\"yoast-schema-graph\">{\"@context\":\"https:\\\/\\\/schema.org\",\"@graph\":[{\"@type\":\"WebPage\",\"@id\":\"https:\\\/\\\/ibig-muenchen.de\\\/pl\\\/nadruk\\\/\",\"url\":\"https:\\\/\\\/ibig-muenchen.de\\\/pl\\\/nadruk\\\/\",\"name\":\"Nadruk - IBIG - Ingenieurb\u00fcro Ingo Geib GmbH\",\"isPartOf\":{\"@id\":\"https:\\\/\\\/ibig-muenchen.de\\\/pl\\\/#website\"},\"datePublished\":\"2023-06-06T10:56:00+00:00\",\"dateModified\":\"2025-01-02T12:21:45+00:00\",\"breadcrumb\":{\"@id\":\"https:\\\/\\\/ibig-muenchen.de\\\/pl\\\/nadruk\\\/#breadcrumb\"},\"inLanguage\":\"pl-PL\",\"potentialAction\":[{\"@type\":\"ReadAction\",\"target\":[\"https:\\\/\\\/ibig-muenchen.de\\\/pl\\\/nadruk\\\/\"]}]},{\"@type\":\"BreadcrumbList\",\"@id\":\"https:\\\/\\\/ibig-muenchen.de\\\/pl\\\/nadruk\\\/#breadcrumb\",\"itemListElement\":[{\"@type\":\"ListItem\",\"position\":1,\"name\":\"Startseite\",\"item\":\"https:\\\/\\\/ibig-muenchen.de\\\/pl\\\/\"},{\"@type\":\"ListItem\",\"position\":2,\"name\":\"Nadruk\"}]},{\"@type\":\"WebSite\",\"@id\":\"https:\\\/\\\/ibig-muenchen.de\\\/pl\\\/#website\",\"url\":\"https:\\\/\\\/ibig-muenchen.de\\\/pl\\\/\",\"name\":\"IBIG - Ingenieurb\u00fcro Ingo Geib GmbH\",\"description\":\"Eine andere WordPress-Site.\",\"publisher\":{\"@id\":\"https:\\\/\\\/ibig-muenchen.de\\\/pl\\\/#organization\"},\"potentialAction\":[{\"@type\":\"SearchAction\",\"target\":{\"@type\":\"EntryPoint\",\"urlTemplate\":\"https:\\\/\\\/ibig-muenchen.de\\\/pl\\\/?s={search_term_string}\"},\"query-input\":{\"@type\":\"PropertyValueSpecification\",\"valueRequired\":true,\"valueName\":\"search_term_string\"}}],\"inLanguage\":\"pl-PL\"},{\"@type\":\"Organization\",\"@id\":\"https:\\\/\\\/ibig-muenchen.de\\\/pl\\\/#organization\",\"name\":\"IBIG - Ingenieurb\u00fcro Ingo Geib GmbH\",\"url\":\"https:\\\/\\\/ibig-muenchen.de\\\/pl\\\/\",\"logo\":{\"@type\":\"ImageObject\",\"inLanguage\":\"pl-PL\",\"@id\":\"https:\\\/\\\/ibig-muenchen.de\\\/pl\\\/#\\\/schema\\\/logo\\\/image\\\/\",\"url\":\"https:\\\/\\\/ibig-muenchen.de\\\/wp-content\\\/uploads\\\/2023\\\/06\\\/Logo_IBIG_simplified.svg\",\"contentUrl\":\"https:\\\/\\\/ibig-muenchen.de\\\/wp-content\\\/uploads\\\/2023\\\/06\\\/Logo_IBIG_simplified.svg\",\"width\":89,\"height\":40,\"caption\":\"IBIG - Ingenieurb\u00fcro Ingo Geib GmbH\"},\"image\":{\"@id\":\"https:\\\/\\\/ibig-muenchen.de\\\/pl\\\/#\\\/schema\\\/logo\\\/image\\\/\"},\"sameAs\":[\"https:\\\/\\\/www.facebook.com\\\/ingenieurburoingo.geib.3\\\/\",\"https:\\\/\\\/www.xing.com\\\/pages\\\/ingenieurbuero-ingo-geib\",\"https:\\\/\\\/www.linkedin.com\\\/in\\\/ingenieurbro-ingo-geib-gmbh-00244b208\\\/\",\"https:\\\/\\\/www.kununu.com\\\/de\\\/ingenieurbuero-ingo-geib\"]}]}<\/script>\n<!-- \/ Yoast SEO plugin. -->","yoast_head_json":{"title":"Nadruk - IBIG - Ingenieurb\u00fcro Ingo Geib GmbH","robots":{"index":"index","follow":"follow","max-snippet":"max-snippet:-1","max-image-preview":"max-image-preview:large","max-video-preview":"max-video-preview:-1"},"canonical":"https:\/\/ibig-muenchen.de\/pl\/nadruk\/","og_locale":"pl_PL","og_type":"article","og_title":"Nadruk - IBIG - Ingenieurb\u00fcro Ingo Geib GmbH","og_description":"Informacje o nadruku zgodnie z \u00a7 5 TMG: Ingenieurb\u00fcro Ingo Geib GmbH Aurbacherstra\u00dfe 2 81541 Monachium Telefon: +49 89 729 89 23-0 Faks: +49 89 729 89 23-14 E-mail: planung(at)ibgeib.de Internet: www.ibgeib.de Dyrektorzy zarz\u0105dzaj\u0105cy upowa\u017cnieni do reprezentowania firmy: Dipl.-Ing. (FH) Ingo Geib, M.Sc. Robert Stais S\u0105d rejestrowy: S\u0105d lokalny w Monachium Numer rejestru: HRB 160709 [&hellip;]","og_url":"https:\/\/ibig-muenchen.de\/pl\/nadruk\/","og_site_name":"IBIG - Ingenieurb\u00fcro Ingo Geib GmbH","article_publisher":"https:\/\/www.facebook.com\/ingenieurburoingo.geib.3\/","article_modified_time":"2025-01-02T12:21:45+00:00","twitter_card":"summary_large_image","twitter_misc":{"Szacowany czas czytania":"2 minuty"},"schema":{"@context":"https:\/\/schema.org","@graph":[{"@type":"WebPage","@id":"https:\/\/ibig-muenchen.de\/pl\/nadruk\/","url":"https:\/\/ibig-muenchen.de\/pl\/nadruk\/","name":"Nadruk - IBIG - Ingenieurb\u00fcro Ingo Geib GmbH","isPartOf":{"@id":"https:\/\/ibig-muenchen.de\/pl\/#website"},"datePublished":"2023-06-06T10:56:00+00:00","dateModified":"2025-01-02T12:21:45+00:00","breadcrumb":{"@id":"https:\/\/ibig-muenchen.de\/pl\/nadruk\/#breadcrumb"},"inLanguage":"pl-PL","potentialAction":[{"@type":"ReadAction","target":["https:\/\/ibig-muenchen.de\/pl\/nadruk\/"]}]},{"@type":"BreadcrumbList","@id":"https:\/\/ibig-muenchen.de\/pl\/nadruk\/#breadcrumb","itemListElement":[{"@type":"ListItem","position":1,"name":"Startseite","item":"https:\/\/ibig-muenchen.de\/pl\/"},{"@type":"ListItem","position":2,"name":"Nadruk"}]},{"@type":"WebSite","@id":"https:\/\/ibig-muenchen.de\/pl\/#website","url":"https:\/\/ibig-muenchen.de\/pl\/","name":"IBIG - Ingenieurb\u00fcro Ingo Geib GmbH","description":"Eine andere WordPress-Site.","publisher":{"@id":"https:\/\/ibig-muenchen.de\/pl\/#organization"},"potentialAction":[{"@type":"SearchAction","target":{"@type":"EntryPoint","urlTemplate":"https:\/\/ibig-muenchen.de\/pl\/?s={search_term_string}"},"query-input":{"@type":"PropertyValueSpecification","valueRequired":true,"valueName":"search_term_string"}}],"inLanguage":"pl-PL"},{"@type":"Organization","@id":"https:\/\/ibig-muenchen.de\/pl\/#organization","name":"IBIG - Ingenieurb\u00fcro Ingo Geib GmbH","url":"https:\/\/ibig-muenchen.de\/pl\/","logo":{"@type":"ImageObject","inLanguage":"pl-PL","@id":"https:\/\/ibig-muenchen.de\/pl\/#\/schema\/logo\/image\/","url":"https:\/\/ibig-muenchen.de\/wp-content\/uploads\/2023\/06\/Logo_IBIG_simplified.svg","contentUrl":"https:\/\/ibig-muenchen.de\/wp-content\/uploads\/2023\/06\/Logo_IBIG_simplified.svg","width":89,"height":40,"caption":"IBIG - Ingenieurb\u00fcro Ingo Geib GmbH"},"image":{"@id":"https:\/\/ibig-muenchen.de\/pl\/#\/schema\/logo\/image\/"},"sameAs":["https:\/\/www.facebook.com\/ingenieurburoingo.geib.3\/","https:\/\/www.xing.com\/pages\/ingenieurbuero-ingo-geib","https:\/\/www.linkedin.com\/in\/ingenieurbro-ingo-geib-gmbh-00244b208\/","https:\/\/www.kununu.com\/de\/ingenieurbuero-ingo-geib"]}]}},"_links":{"self":[{"href":"https:\/\/ibig-muenchen.de\/pl\/wp-json\/wp\/v2\/pages\/2195","targetHints":{"allow":["GET"]}}],"collection":[{"href":"https:\/\/ibig-muenchen.de\/pl\/wp-json\/wp\/v2\/pages"}],"about":[{"href":"https:\/\/ibig-muenchen.de\/pl\/wp-json\/wp\/v2\/types\/page"}],"author":[{"embeddable":true,"href":"https:\/\/ibig-muenchen.de\/pl\/wp-json\/wp\/v2\/users\/1"}],"replies":[{"embeddable":true,"href":"https:\/\/ibig-muenchen.de\/pl\/wp-json\/wp\/v2\/comments?post=2195"}],"version-history":[{"count":0,"href":"https:\/\/ibig-muenchen.de\/pl\/wp-json\/wp\/v2\/pages\/2195\/revisions"}],"wp:attachment":[{"href":"https:\/\/ibig-muenchen.de\/pl\/wp-json\/wp\/v2\/media?parent=2195"}],"curies":[{"name":"wp","href":"https:\/\/api.w.org\/{rel}","templated":true}]}}