{"id":2768,"date":"2023-11-16T22:19:34","date_gmt":"2023-11-16T21:19:34","guid":{"rendered":"https:\/\/ibig-muenchen.de\/dziekujemy-za-wiadomosc\/"},"modified":"2023-11-22T06:14:12","modified_gmt":"2023-11-22T05:14:12","slug":"dziekujemy-za-wiadomosc","status":"publish","type":"page","link":"https:\/\/ibig-muenchen.de\/pl\/dziekujemy-za-wiadomosc\/","title":{"rendered":"Dzi\u0119kujemy za wiadomo\u015b\u0107"},"content":{"rendered":"\t\t<div data-elementor-type=\"wp-page\" data-elementor-id=\"2768\" class=\"elementor elementor-2768 elementor-2755\" data-elementor-post-type=\"page\">\n\t\t\t\t<div class=\"elementor-element elementor-element-5eb078f e-flex e-con-boxed e-con e-parent\" data-id=\"5eb078f\" data-element_type=\"container\" data-e-type=\"container\">\n\t\t\t\t\t<div class=\"e-con-inner\">\n\t\t\t\t<div class=\"elementor-element elementor-element-2132c32 elementor-widget elementor-widget-heading\" data-id=\"2132c32\" data-element_type=\"widget\" data-e-type=\"widget\" data-widget_type=\"heading.default\">\n\t\t\t\t<div class=\"elementor-widget-container\">\n\t\t\t\t\t<h1 class=\"elementor-heading-title elementor-size-default\">Dzi\u0119kujemy za wiadomo\u015b\u0107.<\/h1>\t\t\t\t<\/div>\n\t\t\t\t<\/div>\n\t\t\t\t<div class=\"elementor-element elementor-element-3bcbfe4 elementor-widget elementor-widget-heading\" data-id=\"3bcbfe4\" data-element_type=\"widget\" data-e-type=\"widget\" data-widget_type=\"heading.default\">\n\t\t\t\t<div class=\"elementor-widget-container\">\n\t\t\t\t\t<h3 class=\"elementor-heading-title elementor-size-default\">Skontaktujemy si\u0119 z Tob\u0105 tak szybko, jak to mo\u017cliwe.<\/h3>\t\t\t\t<\/div>\n\t\t\t\t<\/div>\n\t\t\t\t<div class=\"elementor-element elementor-element-3752c73 elementor-widget elementor-widget-button\" data-id=\"3752c73\" data-element_type=\"widget\" data-e-type=\"widget\" data-widget_type=\"button.default\">\n\t\t\t\t<div class=\"elementor-widget-container\">\n\t\t\t\t\t\t\t\t\t<div class=\"elementor-button-wrapper\">\n\t\t\t\t\t<a class=\"elementor-button elementor-button-link elementor-size-sm elementor-animation-grow\" href=\"https:\/\/ibig-muenchen.de\/pl\/\">\n\t\t\t\t\t\t<span class=\"elementor-button-content-wrapper\">\n\t\t\t\t\t\t\t\t\t<span class=\"elementor-button-text\">Kliknij tutaj, aby przej\u015b\u0107 do strony g\u0142\u00f3wnej<\/span>\n\t\t\t\t\t<\/span>\n\t\t\t\t\t<\/a>\n\t\t\t\t<\/div>\n\t\t\t\t\t\t\t\t<\/div>\n\t\t\t\t<\/div>\n\t\t\t\t\t<\/div>\n\t\t\t\t<\/div>\n\t\t\t\t<\/div>\n\t\t","protected":false},"excerpt":{"rendered":"<p>Skontaktujemy si\u0119 z Tob\u0105 tak szybko, jak to mo\u017cliwe. Kliknij tutaj, aby przej\u015b\u0107 do strony g\u0142\u00f3wnej<\/p>\n","protected":false},"author":1,"featured_media":0,"parent":0,"menu_order":0,"comment_status":"closed","ping_status":"closed","template":"","meta":{"_acf_changed":false,"footnotes":""},"class_list":["post-2768","page","type-page","status-publish","hentry"],"acf":[],"yoast_head":"<!-- This site is optimized with the Yoast SEO plugin v27.4 - https:\/\/yoast.com\/product\/yoast-seo-wordpress\/ -->\n<title>Dzi\u0119kujemy za wiadomo\u015b\u0107 - IBIG - Ingenieurb\u00fcro Ingo Geib GmbH<\/title>\n<meta name=\"robots\" content=\"index, follow, max-snippet:-1, max-image-preview:large, max-video-preview:-1\" \/>\n<link rel=\"canonical\" href=\"https:\/\/ibig-muenchen.de\/pl\/dziekujemy-za-wiadomosc\/\" \/>\n<meta property=\"og:locale\" content=\"pl_PL\" \/>\n<meta property=\"og:type\" content=\"article\" \/>\n<meta property=\"og:title\" content=\"Dzi\u0119kujemy za wiadomo\u015b\u0107 - IBIG - Ingenieurb\u00fcro Ingo Geib GmbH\" \/>\n<meta property=\"og:description\" content=\"Skontaktujemy si\u0119 z Tob\u0105 tak szybko, jak to mo\u017cliwe. Kliknij tutaj, aby przej\u015b\u0107 do strony g\u0142\u00f3wnej\" \/>\n<meta property=\"og:url\" content=\"https:\/\/ibig-muenchen.de\/pl\/dziekujemy-za-wiadomosc\/\" \/>\n<meta property=\"og:site_name\" content=\"IBIG - Ingenieurb\u00fcro Ingo Geib GmbH\" \/>\n<meta property=\"article:publisher\" content=\"https:\/\/www.facebook.com\/ingenieurburoingo.geib.3\/\" \/>\n<meta property=\"article:modified_time\" content=\"2023-11-22T05:14:12+00:00\" \/>\n<meta name=\"twitter:card\" content=\"summary_large_image\" \/>\n<script type=\"application\/ld+json\" class=\"yoast-schema-graph\">{\"@context\":\"https:\\\/\\\/schema.org\",\"@graph\":[{\"@type\":\"WebPage\",\"@id\":\"https:\\\/\\\/ibig-muenchen.de\\\/pl\\\/dziekujemy-za-wiadomosc\\\/\",\"url\":\"https:\\\/\\\/ibig-muenchen.de\\\/pl\\\/dziekujemy-za-wiadomosc\\\/\",\"name\":\"Dzi\u0119kujemy za wiadomo\u015b\u0107 - IBIG - Ingenieurb\u00fcro Ingo Geib GmbH\",\"isPartOf\":{\"@id\":\"https:\\\/\\\/ibig-muenchen.de\\\/pl\\\/#website\"},\"datePublished\":\"2023-11-16T21:19:34+00:00\",\"dateModified\":\"2023-11-22T05:14:12+00:00\",\"breadcrumb\":{\"@id\":\"https:\\\/\\\/ibig-muenchen.de\\\/pl\\\/dziekujemy-za-wiadomosc\\\/#breadcrumb\"},\"inLanguage\":\"pl-PL\",\"potentialAction\":[{\"@type\":\"ReadAction\",\"target\":[\"https:\\\/\\\/ibig-muenchen.de\\\/pl\\\/dziekujemy-za-wiadomosc\\\/\"]}]},{\"@type\":\"BreadcrumbList\",\"@id\":\"https:\\\/\\\/ibig-muenchen.de\\\/pl\\\/dziekujemy-za-wiadomosc\\\/#breadcrumb\",\"itemListElement\":[{\"@type\":\"ListItem\",\"position\":1,\"name\":\"Startseite\",\"item\":\"https:\\\/\\\/ibig-muenchen.de\\\/pl\\\/\"},{\"@type\":\"ListItem\",\"position\":2,\"name\":\"Dzi\u0119kujemy za wiadomo\u015b\u0107\"}]},{\"@type\":\"WebSite\",\"@id\":\"https:\\\/\\\/ibig-muenchen.de\\\/pl\\\/#website\",\"url\":\"https:\\\/\\\/ibig-muenchen.de\\\/pl\\\/\",\"name\":\"IBIG - Ingenieurb\u00fcro Ingo Geib GmbH\",\"description\":\"Eine andere WordPress-Site.\",\"publisher\":{\"@id\":\"https:\\\/\\\/ibig-muenchen.de\\\/pl\\\/#organization\"},\"potentialAction\":[{\"@type\":\"SearchAction\",\"target\":{\"@type\":\"EntryPoint\",\"urlTemplate\":\"https:\\\/\\\/ibig-muenchen.de\\\/pl\\\/?s={search_term_string}\"},\"query-input\":{\"@type\":\"PropertyValueSpecification\",\"valueRequired\":true,\"valueName\":\"search_term_string\"}}],\"inLanguage\":\"pl-PL\"},{\"@type\":\"Organization\",\"@id\":\"https:\\\/\\\/ibig-muenchen.de\\\/pl\\\/#organization\",\"name\":\"IBIG - Ingenieurb\u00fcro Ingo Geib GmbH\",\"url\":\"https:\\\/\\\/ibig-muenchen.de\\\/pl\\\/\",\"logo\":{\"@type\":\"ImageObject\",\"inLanguage\":\"pl-PL\",\"@id\":\"https:\\\/\\\/ibig-muenchen.de\\\/pl\\\/#\\\/schema\\\/logo\\\/image\\\/\",\"url\":\"https:\\\/\\\/ibig-muenchen.de\\\/wp-content\\\/uploads\\\/2023\\\/06\\\/Logo_IBIG_simplified.svg\",\"contentUrl\":\"https:\\\/\\\/ibig-muenchen.de\\\/wp-content\\\/uploads\\\/2023\\\/06\\\/Logo_IBIG_simplified.svg\",\"width\":89,\"height\":40,\"caption\":\"IBIG - Ingenieurb\u00fcro Ingo Geib GmbH\"},\"image\":{\"@id\":\"https:\\\/\\\/ibig-muenchen.de\\\/pl\\\/#\\\/schema\\\/logo\\\/image\\\/\"},\"sameAs\":[\"https:\\\/\\\/www.facebook.com\\\/ingenieurburoingo.geib.3\\\/\",\"https:\\\/\\\/www.xing.com\\\/pages\\\/ingenieurbuero-ingo-geib\",\"https:\\\/\\\/www.linkedin.com\\\/in\\\/ingenieurbro-ingo-geib-gmbh-00244b208\\\/\",\"https:\\\/\\\/www.kununu.com\\\/de\\\/ingenieurbuero-ingo-geib\"]}]}<\/script>\n<!-- \/ Yoast SEO plugin. -->","yoast_head_json":{"title":"Dzi\u0119kujemy za wiadomo\u015b\u0107 - IBIG - Ingenieurb\u00fcro Ingo Geib GmbH","robots":{"index":"index","follow":"follow","max-snippet":"max-snippet:-1","max-image-preview":"max-image-preview:large","max-video-preview":"max-video-preview:-1"},"canonical":"https:\/\/ibig-muenchen.de\/pl\/dziekujemy-za-wiadomosc\/","og_locale":"pl_PL","og_type":"article","og_title":"Dzi\u0119kujemy za wiadomo\u015b\u0107 - IBIG - Ingenieurb\u00fcro Ingo Geib GmbH","og_description":"Skontaktujemy si\u0119 z Tob\u0105 tak szybko, jak to mo\u017cliwe. Kliknij tutaj, aby przej\u015b\u0107 do strony g\u0142\u00f3wnej","og_url":"https:\/\/ibig-muenchen.de\/pl\/dziekujemy-za-wiadomosc\/","og_site_name":"IBIG - Ingenieurb\u00fcro Ingo Geib GmbH","article_publisher":"https:\/\/www.facebook.com\/ingenieurburoingo.geib.3\/","article_modified_time":"2023-11-22T05:14:12+00:00","twitter_card":"summary_large_image","schema":{"@context":"https:\/\/schema.org","@graph":[{"@type":"WebPage","@id":"https:\/\/ibig-muenchen.de\/pl\/dziekujemy-za-wiadomosc\/","url":"https:\/\/ibig-muenchen.de\/pl\/dziekujemy-za-wiadomosc\/","name":"Dzi\u0119kujemy za wiadomo\u015b\u0107 - IBIG - Ingenieurb\u00fcro Ingo Geib GmbH","isPartOf":{"@id":"https:\/\/ibig-muenchen.de\/pl\/#website"},"datePublished":"2023-11-16T21:19:34+00:00","dateModified":"2023-11-22T05:14:12+00:00","breadcrumb":{"@id":"https:\/\/ibig-muenchen.de\/pl\/dziekujemy-za-wiadomosc\/#breadcrumb"},"inLanguage":"pl-PL","potentialAction":[{"@type":"ReadAction","target":["https:\/\/ibig-muenchen.de\/pl\/dziekujemy-za-wiadomosc\/"]}]},{"@type":"BreadcrumbList","@id":"https:\/\/ibig-muenchen.de\/pl\/dziekujemy-za-wiadomosc\/#breadcrumb","itemListElement":[{"@type":"ListItem","position":1,"name":"Startseite","item":"https:\/\/ibig-muenchen.de\/pl\/"},{"@type":"ListItem","position":2,"name":"Dzi\u0119kujemy za wiadomo\u015b\u0107"}]},{"@type":"WebSite","@id":"https:\/\/ibig-muenchen.de\/pl\/#website","url":"https:\/\/ibig-muenchen.de\/pl\/","name":"IBIG - Ingenieurb\u00fcro Ingo Geib GmbH","description":"Eine andere WordPress-Site.","publisher":{"@id":"https:\/\/ibig-muenchen.de\/pl\/#organization"},"potentialAction":[{"@type":"SearchAction","target":{"@type":"EntryPoint","urlTemplate":"https:\/\/ibig-muenchen.de\/pl\/?s={search_term_string}"},"query-input":{"@type":"PropertyValueSpecification","valueRequired":true,"valueName":"search_term_string"}}],"inLanguage":"pl-PL"},{"@type":"Organization","@id":"https:\/\/ibig-muenchen.de\/pl\/#organization","name":"IBIG - Ingenieurb\u00fcro Ingo Geib GmbH","url":"https:\/\/ibig-muenchen.de\/pl\/","logo":{"@type":"ImageObject","inLanguage":"pl-PL","@id":"https:\/\/ibig-muenchen.de\/pl\/#\/schema\/logo\/image\/","url":"https:\/\/ibig-muenchen.de\/wp-content\/uploads\/2023\/06\/Logo_IBIG_simplified.svg","contentUrl":"https:\/\/ibig-muenchen.de\/wp-content\/uploads\/2023\/06\/Logo_IBIG_simplified.svg","width":89,"height":40,"caption":"IBIG - Ingenieurb\u00fcro Ingo Geib GmbH"},"image":{"@id":"https:\/\/ibig-muenchen.de\/pl\/#\/schema\/logo\/image\/"},"sameAs":["https:\/\/www.facebook.com\/ingenieurburoingo.geib.3\/","https:\/\/www.xing.com\/pages\/ingenieurbuero-ingo-geib","https:\/\/www.linkedin.com\/in\/ingenieurbro-ingo-geib-gmbh-00244b208\/","https:\/\/www.kununu.com\/de\/ingenieurbuero-ingo-geib"]}]}},"_links":{"self":[{"href":"https:\/\/ibig-muenchen.de\/pl\/wp-json\/wp\/v2\/pages\/2768","targetHints":{"allow":["GET"]}}],"collection":[{"href":"https:\/\/ibig-muenchen.de\/pl\/wp-json\/wp\/v2\/pages"}],"about":[{"href":"https:\/\/ibig-muenchen.de\/pl\/wp-json\/wp\/v2\/types\/page"}],"author":[{"embeddable":true,"href":"https:\/\/ibig-muenchen.de\/pl\/wp-json\/wp\/v2\/users\/1"}],"replies":[{"embeddable":true,"href":"https:\/\/ibig-muenchen.de\/pl\/wp-json\/wp\/v2\/comments?post=2768"}],"version-history":[{"count":0,"href":"https:\/\/ibig-muenchen.de\/pl\/wp-json\/wp\/v2\/pages\/2768\/revisions"}],"wp:attachment":[{"href":"https:\/\/ibig-muenchen.de\/pl\/wp-json\/wp\/v2\/media?parent=2768"}],"curies":[{"name":"wp","href":"https:\/\/api.w.org\/{rel}","templated":true}]}}